{"id":785,"date":"2017-06-12T21:38:22","date_gmt":"2017-06-12T21:38:22","guid":{"rendered":"http:\/\/grupozaffari.azurewebsites.net\/?page_id=785"},"modified":"2026-02-25T13:38:15","modified_gmt":"2026-02-25T13:38:15","slug":"concertos-comunitarios","status":"publish","type":"page","link":"https:\/\/www.grupozaffari.com.br\/en\/portugues-do-brasil-concertos-comunitarios\/","title":{"rendered":"Concertos Comunit\u00e1rios"},"content":{"rendered":"<p><img loading=\"lazy\" decoding=\"async\" class=\"alignnone size-full wp-image-787\" src=\"http:\/\/grupozaffari.azurewebsites.net\/wp-content\/uploads\/2017\/06\/concertos_comunitarios_home.jpg\" alt=\"\" width=\"1170\" height=\"517\" srcset=\"https:\/\/www.grupozaffari.com.br\/wp-content\/uploads\/2017\/06\/concertos_comunitarios_home.jpg 1170w, https:\/\/www.grupozaffari.com.br\/wp-content\/uploads\/2017\/06\/concertos_comunitarios_home-300x133.jpg 300w, https:\/\/www.grupozaffari.com.br\/wp-content\/uploads\/2017\/06\/concertos_comunitarios_home-768x339.jpg 768w, https:\/\/www.grupozaffari.com.br\/wp-content\/uploads\/2017\/06\/concertos_comunitarios_home-1024x452.jpg 1024w\" sizes=\"(max-width: 1170px) 100vw, 1170px\" \/><\/p>\n<p>Um dos maiores eventos culturais realizados pelo Grupo, os Concertos Comunit\u00e1rios Zaffari j\u00e1 fazem parte da tradi\u00e7\u00e3o cultural do Rio Grande do Sul.<\/p>\n<p>Criado em 1987, v\u00eam difundindo, desde ent\u00e3o, a m\u00fasica erudita, popular e contempor\u00e2nea em parques, teatros e igrejas. Mais de 200 apresenta\u00e7\u00f5es com entrada gratuita j\u00e1 foram realizadas, alcan\u00e7ando de forma inclusiva e democr\u00e1tica milhares de pessoas.<\/p>\n<p>Os Concertos Comunit\u00e1rios Zaffari contam com parcerias importantes para a sua realiza\u00e7\u00e3o, como a Orquestra Theatro S\u00e3o Pedro e a Opus Entretenimento, respons\u00e1vel pela produ\u00e7\u00e3o cultura dos espet\u00e1culos.<\/p>\n<p>&nbsp;<\/p>","protected":false},"excerpt":{"rendered":"<p>Um dos maiores eventos culturais realizados pelo Grupo, os Concertos Comunit\u00e1rios Zaffari j\u00e1 fazem parte da tradi\u00e7\u00e3o cultural do Rio Grande do Sul. Criado em 1987, v\u00eam difundindo, desde ent\u00e3o, a m\u00fasica erudita, popular e contempor\u00e2nea em parques, teatros e igrejas. Mais de 200 apresenta\u00e7\u00f5es com entrada gratuita j\u00e1 foram realizadas, alcan\u00e7ando de forma inclusiva [&hellip;]<\/p>\n","protected":false},"author":3,"featured_media":0,"parent":0,"menu_order":0,"comment_status":"closed","ping_status":"closed","template":"","meta":{"footnotes":""},"_links":{"self":[{"href":"https:\/\/www.grupozaffari.com.br\/en\/wp-json\/wp\/v2\/pages\/785"}],"collection":[{"href":"https:\/\/www.grupozaffari.com.br\/en\/wp-json\/wp\/v2\/pages"}],"about":[{"href":"https:\/\/www.grupozaffari.com.br\/en\/wp-json\/wp\/v2\/types\/page"}],"author":[{"embeddable":true,"href":"https:\/\/www.grupozaffari.com.br\/en\/wp-json\/wp\/v2\/users\/3"}],"replies":[{"embeddable":true,"href":"https:\/\/www.grupozaffari.com.br\/en\/wp-json\/wp\/v2\/comments?post=785"}],"version-history":[{"count":13,"href":"https:\/\/www.grupozaffari.com.br\/en\/wp-json\/wp\/v2\/pages\/785\/revisions"}],"predecessor-version":[{"id":7472,"href":"https:\/\/www.grupozaffari.com.br\/en\/wp-json\/wp\/v2\/pages\/785\/revisions\/7472"}],"wp:attachment":[{"href":"https:\/\/www.grupozaffari.com.br\/en\/wp-json\/wp\/v2\/media?parent=785"}],"curies":[{"name":"wp","href":"https:\/\/api.w.org\/{rel}","templated":true}]}}