{"id":86,"date":"2016-02-17T13:32:47","date_gmt":"2016-02-17T13:32:47","guid":{"rendered":"http:\/\/grupozaffari.azurewebsites.net\/wordpress\/?page_id=86"},"modified":"2024-06-07T18:11:02","modified_gmt":"2024-06-07T18:11:02","slug":"duvidas-frequentes","status":"publish","type":"page","link":"https:\/\/www.grupozaffari.com.br\/en\/duvidas-frequentes\/","title":{"rendered":"D\u00favidas Frequentes"},"content":{"rendered":"<p><strong><u>Como obter informa\u00e7\u00f5es sobre produtos \u00e0 venda?<\/u><\/strong><br \/>\nQualquer informa\u00e7\u00e3o sobre produtos \u00e0 venda \u00e9 fornecida diretamente nas lojas da nossa rede. Confira qual a loja mais pr\u00f3xima de voc\u00ea\u00a0<a href=\"https:\/\/www.grupozaffari.com.br\/lojas\/\"><strong>clicando aqui<\/strong><\/a>.<\/p>\n<p><strong><u>Como ser fornecedor do Grupo Zaffari?<\/u><\/strong><br \/>\nPara ofertas de fornecimento de produtos para venda em nossas lojas, suprimento de produtos para consumo interno ou presta\u00e7\u00e3o de servi\u00e7os especializados, envie proposta ou apresenta\u00e7\u00e3o de sua empresa para o e-mail <strong><u><a href=\"mailto:comercial@zaffari.com.br\">comercial@zaffari.com.br<\/a><\/u><\/strong>.<\/p>\n<p><strong><u>Como solicitar uma doa\u00e7\u00e3o ou patroc\u00ednio ao Grupo Zaffari?<\/u><\/strong><br \/>\nS\u00e3o analisados pedidos de doa\u00e7\u00e3o ou patroc\u00ednio exclusivamente de entidades formalmente institu\u00eddas e com CNPJ em situa\u00e7\u00e3o regular. Para pedido de an\u00e1lise, envie os dados completos da entidade em formul\u00e1rio timbrado para o e-mail\u00a0<a href=\"mailto:doacoesepatrocinios@zaffari.com.br\"><strong>doacoesepatrocinios@zaffari.com.br<\/strong><\/a>\u00a0ou em folha timbrada para o endere\u00e7o abaixo:<\/p>\n<p><strong>Grupo Zaffari<br \/>\nDepartamento de Marketing<br \/>\nAv. Pl\u00ednio Brasil Milano, n\u00ba 1000, Porto Alegre\/RS &#8211; CEP 90520-000.<\/strong><\/p>\n<p><strong><u>Como fa\u00e7o para trabalhar no Grupo Zaffari?<\/u><\/strong><br \/>\n\u00c9 muito bom saber do seu interesse em trabalhar conosco. Temos um site exclusivo para voc\u00ea cadastrar seu curr\u00edculo, atualizar seus dados ou consultar perguntas frequentes. Confira <a href=\"https:\/\/rh.zaffari.com.br\/\"><strong>clicando aqui<\/strong><\/a>.<\/p>\n<p>Candidatos tamb\u00e9m podem se inscrever e solicitar maiores informa\u00e7\u00f5es diretamente nos postos de recrutamento. Por favor, confira os endere\u00e7os e hor\u00e1rios de atendimento.<\/p>\n<p><strong><u>POSTOS DE RECRUTAMENTO DO GRUPO ZAFFARI:<\/u><\/strong><\/p>\n<p><strong>PORTO ALEGRE<\/strong> &#8211; das 8:00 \u00e0s 12:00 e das 13:30 \u00e0s 17:30, de segunda \u00e0 sexta\u2013feira.<br \/>\nBourbon Assis Brasil: Av. Assis Brasil, 200.<br \/>\nBourbon Ipiranga: Av. Ipiranga, 5200.<br \/>\nZaffari Fernando Machado: Rua Fernando Machado, 860.<\/p>\n<p><strong>VALE DOS SINOS<\/strong> &#8211; das 8:00 \u00e0s 12:00 e das 13:30 \u00e0s 17:30, de segunda \u00e0 sexta\u2013feira.<br \/>\nBourbon Canoas &#8211; Av. Get\u00falio Vargas, 5765.<br \/>\nBourbon S\u00e3o Leopoldo &#8211; Av. Primeiro de Mar\u00e7o, 821.<br \/>\nBourbon Novo Hamburgo \u2013 Rua Imperatriz Leopoldina s\/n (Fundos Bourbon Shopping).<\/p>\n<p><strong>CAXIAS DO SUL<\/strong> \u2013 das 8:00 \u00e0s 12:00 e das 13:30 \u00e0s 17:30, de segunda \u00e0 sexta\u2013feira.<br \/>\nZaffari Caxias Centro: Rua Borges de Medeiros, 821<\/p>\n<p><strong>PASSO FUNDO<\/strong> &#8211; das 8:00 \u00e0s 12:00 e das 13:30 \u00e0s 17:30, de segunda \u00e0 sexta\u2013feira.<br \/>\nBourbon Passo Fundo &#8211; Av. Brasil Leste, 200.<\/p>\n<p><strong>S\u00c3O PAULO<\/strong> &#8211; das 9:00 \u00e0s 11:00 e das 13:30 \u00e0s 17:30, de segunda \u00e0 sexta\u2013feira.<br \/>\nRua Palestra It\u00e1lia, 2100 \u2013 Bairro Perdizes<\/p>\n<p>Desejando contatar nosso departamento de Recursos Humanos, ligue para (51) 3343.1977 ou envie e-mail para <strong><a href=\"mailto:rh@zaffari.com.br\">rh@zaffari.com.br<\/a><\/strong>.<\/p>\n<p><strong><u>Qual \u00e9 o hor\u00e1rio de funcionamento dos Hipermercados e Supermercados nos domingos e feriados?<\/u><\/strong><br \/>\nHor\u00e1rios especiais de abertura em feriados s\u00e3o divulgados na p\u00e1gina de novidades <strong><a href=\"https:\/\/www2.zaffari.com.br\/\">deste site<\/a><\/strong>.<\/p>\n<p><strong><u>Como obter informa\u00e7\u00f5es sobre produtos \u00e0 venda (disponibilidade e valores, por exemplo)?<\/u><\/strong><br \/>\nQualquer informa\u00e7\u00e3o sobre produtos \u00e0 venda \u00e9 fornecida diretamente nas lojas da nossa rede. Confira qual a loja mais pr\u00f3xima de voc\u00ea\u00a0<a href=\"https:\/\/www.grupozaffari.com.br\/lojas\/\"><strong>clicando aqui<\/strong><\/a>.<\/p>\n<p><strong><u>Como consultar uma Lista de Presentes?<\/u><\/strong><br \/>\n\u00c9 poss\u00edvel consultar uma lista de presentes diretamente no setor de bazar de uma das lojas que prestam o servi\u00e7o. Atualmente o servi\u00e7o de lista de presentes est\u00e1 dispon\u00edvel no Bourbon Passo Fundo, Bourbon S\u00e3o Leopoldo, Bourbon Country, Bourbon Canoas, Bourbon Assis Brasil, Bourbon Ipiranga, Bourbon Novo Hamburgo e no Zaffari Higien\u00f3polis.<\/p>","protected":false},"excerpt":{"rendered":"<p>Como obter informa\u00e7\u00f5es sobre produtos \u00e0 venda? Qualquer informa\u00e7\u00e3o sobre produtos \u00e0 venda \u00e9 fornecida diretamente nas lojas da nossa rede. Confira qual a loja mais pr\u00f3xima de voc\u00ea\u00a0clicando aqui. Como ser fornecedor do Grupo Zaffari? Para ofertas de fornecimento de produtos para venda em nossas lojas, suprimento de produtos para consumo interno ou presta\u00e7\u00e3o [&hellip;]<\/p>\n","protected":false},"author":1,"featured_media":0,"parent":0,"menu_order":0,"comment_status":"closed","ping_status":"closed","template":"duvidas-frequentes.php","meta":{"footnotes":""},"_links":{"self":[{"href":"https:\/\/www.grupozaffari.com.br\/en\/wp-json\/wp\/v2\/pages\/86"}],"collection":[{"href":"https:\/\/www.grupozaffari.com.br\/en\/wp-json\/wp\/v2\/pages"}],"about":[{"href":"https:\/\/www.grupozaffari.com.br\/en\/wp-json\/wp\/v2\/types\/page"}],"author":[{"embeddable":true,"href":"https:\/\/www.grupozaffari.com.br\/en\/wp-json\/wp\/v2\/users\/1"}],"replies":[{"embeddable":true,"href":"https:\/\/www.grupozaffari.com.br\/en\/wp-json\/wp\/v2\/comments?post=86"}],"version-history":[{"count":20,"href":"https:\/\/www.grupozaffari.com.br\/en\/wp-json\/wp\/v2\/pages\/86\/revisions"}],"predecessor-version":[{"id":5590,"href":"https:\/\/www.grupozaffari.com.br\/en\/wp-json\/wp\/v2\/pages\/86\/revisions\/5590"}],"wp:attachment":[{"href":"https:\/\/www.grupozaffari.com.br\/en\/wp-json\/wp\/v2\/media?parent=86"}],"curies":[{"name":"wp","href":"https:\/\/api.w.org\/{rel}","templated":true}]}}