{"id":95,"date":"2016-02-17T20:27:43","date_gmt":"2016-02-17T20:27:43","guid":{"rendered":"http:\/\/grupozaffari.azurewebsites.net\/wordpress\/?page_id=95"},"modified":"2026-02-18T20:31:48","modified_gmt":"2026-02-18T20:31:48","slug":"cartoes-zaffari-e-bourbon","status":"publish","type":"page","link":"https:\/\/www.grupozaffari.com.br\/en\/cartoes-zaffari-e-bourbon\/","title":{"rendered":"Cart\u00f5es Zaffari, Bourbon e Cestto"},"content":{"rendered":"<p><\/p>\n<h3><span style=\"color: #cca35c;\">Zaffari Card e Bourbon Card<\/span><\/h3>\n<p>Cart\u00f5es de cr\u00e9dito para pessoas f\u00edsicas e que proporcionam praticidade, seguran\u00e7a, recompensas e vantagens adicionais aos portadores. Com eles os clientes compram em toda rede Zaffari e Bourbon com at\u00e9 40 dias sem juros para pagar, t\u00eam acesso a parcelamentos promocionais, ganham pontos no Programa Fidelidade Premium e muitas vantagens no Clube Premier Bourbon<\/p>\n<p><span style=\"color: #cca35c;\"><strong>SAIBA MAIS<\/strong><\/span><\/p>\n<h3><\/h3>\n<h3><span style=\"color: #cca35c;\">Zaffari Card e Bourbon Card Empresarial<\/span><\/h3>\n<p>Cart\u00f5es de cr\u00e9dito para pessoas jur\u00eddicas que facilitam as opera\u00e7\u00f5es de compra da empresa e melhoram o controle de fluxo de caixa. Com eles, os portadores compram em toda a rede Zaffari e Bourbon e a empresa paga em at\u00e9 40 dias sem juros, tem acesso a parcelamentos promocionais e, ainda, ao Clube Premier Bourbon que concede benef\u00edcios aos portadores.<\/p>\n<p><span style=\"color: #cca35c;\"><strong>SAIBA MAIS<\/strong><\/span><\/p>\n<h3><span style=\"color: #cca35c;\">Zaffari Card e Bourbon Card<\/span><\/h3>\n<p>Cart\u00f5es de cr\u00e9dito para pessoas f\u00edsicas e que proporcionam praticidade, seguran\u00e7a, recompensas e vantagens adicionais aos portadores. Com eles os clientes compram em toda rede Zaffari e Bourbon com at\u00e9 40 dias sem juros para pagar, t\u00eam acesso a parcelamentos promocionais, ganham pontos no Programa Fidelidade Premium e muitas vantagens no Clube Premier Bourbon<\/p>\n<p><span style=\"color: #cca35c;\"><strong>SAIBA MAIS<\/strong><\/span><\/p>\n<h3><\/h3>\n<h3><span style=\"color: #cca35c;\">Zaffari Card e Bourbon Card Empresarial<\/span><\/h3>\n<p>Cart\u00f5es de cr\u00e9dito para pessoas jur\u00eddicas que facilitam as opera\u00e7\u00f5es de compra da empresa e melhoram o controle de fluxo de caixa. Com eles, os portadores compram em toda a rede Zaffari e Bourbon e a empresa paga em at\u00e9 40 dias sem juros, tem acesso a parcelamentos promocionais e, ainda, ao Clube Premier Bourbon que concede benef\u00edcios aos portadores.<\/p>\n<p><span style=\"color: #cca35c;\"><strong>SAIBA MAIS<\/strong><\/span><\/p>","protected":false},"excerpt":{"rendered":"<p>Zaffari Card e Bourbon Card Cart\u00f5es de cr\u00e9dito para pessoas f\u00edsicas e que proporcionam praticidade, seguran\u00e7a, recompensas e vantagens adicionais aos portadores. Com eles os clientes compram em toda rede Zaffari e Bourbon com at\u00e9 40 dias sem juros para pagar, t\u00eam acesso a parcelamentos promocionais, ganham pontos no Programa Fidelidade Premium e muitas vantagens [&hellip;]<\/p>\n","protected":false},"author":1,"featured_media":0,"parent":0,"menu_order":0,"comment_status":"closed","ping_status":"closed","template":"cartoes-zaffari.php","meta":{"footnotes":""},"_links":{"self":[{"href":"https:\/\/www.grupozaffari.com.br\/en\/wp-json\/wp\/v2\/pages\/95"}],"collection":[{"href":"https:\/\/www.grupozaffari.com.br\/en\/wp-json\/wp\/v2\/pages"}],"about":[{"href":"https:\/\/www.grupozaffari.com.br\/en\/wp-json\/wp\/v2\/types\/page"}],"author":[{"embeddable":true,"href":"https:\/\/www.grupozaffari.com.br\/en\/wp-json\/wp\/v2\/users\/1"}],"replies":[{"embeddable":true,"href":"https:\/\/www.grupozaffari.com.br\/en\/wp-json\/wp\/v2\/comments?post=95"}],"version-history":[{"count":28,"href":"https:\/\/www.grupozaffari.com.br\/en\/wp-json\/wp\/v2\/pages\/95\/revisions"}],"predecessor-version":[{"id":7431,"href":"https:\/\/www.grupozaffari.com.br\/en\/wp-json\/wp\/v2\/pages\/95\/revisions\/7431"}],"wp:attachment":[{"href":"https:\/\/www.grupozaffari.com.br\/en\/wp-json\/wp\/v2\/media?parent=95"}],"curies":[{"name":"wp","href":"https:\/\/api.w.org\/{rel}","templated":true}]}}