{"id":162,"date":"2016-03-08T15:51:48","date_gmt":"2016-03-08T15:51:48","guid":{"rendered":"http:\/\/grupozaffari.azurewebsites.net\/wordpress\/?page_id=162"},"modified":"2026-02-18T19:46:56","modified_gmt":"2026-02-18T19:46:56","slug":"cultura-e-lazer","status":"publish","type":"page","link":"https:\/\/www.grupozaffari.com.br\/es\/cultura-e-lazer\/","title":{"rendered":"Cultura e Lazer"},"content":{"rendered":"<p><img loading=\"lazy\" decoding=\"async\" class=\"alignnone size-full wp-image-911\" style=\"width: 100%;\" src=\"http:\/\/grupozaffari.azurewebsites.net\/wp-content\/uploads\/2016\/03\/cultura-1-1.jpg\" alt=\"\" width=\"932\" height=\"294\" srcset=\"https:\/\/www.grupozaffari.com.br\/wp-content\/uploads\/2016\/03\/cultura-1-1.jpg 932w, https:\/\/www.grupozaffari.com.br\/wp-content\/uploads\/2016\/03\/cultura-1-1-300x95.jpg 300w, https:\/\/www.grupozaffari.com.br\/wp-content\/uploads\/2016\/03\/cultura-1-1-768x242.jpg 768w\" sizes=\"(max-width: 932px) 100vw, 932px\" \/><\/p>\n<p>Aqui voc\u00ea encontra tudo sobre os projetos art\u00edsticos e culturais promovidos e apoiados pelo Grupo Zaffari:<br \/>\nm\u00fasica, teatro, literatura, culin\u00e1ria e muito mais. Confira!<\/p>\n","protected":false},"excerpt":{"rendered":"<p>Aqui voc\u00ea encontra tudo sobre os projetos art\u00edsticos e culturais promovidos e apoiados pelo Grupo Zaffari: m\u00fasica, teatro, literatura, culin\u00e1ria e muito mais. Confira!<\/p>\n","protected":false},"author":1,"featured_media":0,"parent":0,"menu_order":0,"comment_status":"closed","ping_status":"closed","template":"","meta":{"footnotes":""},"_links":{"self":[{"href":"https:\/\/www.grupozaffari.com.br\/es\/wp-json\/wp\/v2\/pages\/162"}],"collection":[{"href":"https:\/\/www.grupozaffari.com.br\/es\/wp-json\/wp\/v2\/pages"}],"about":[{"href":"https:\/\/www.grupozaffari.com.br\/es\/wp-json\/wp\/v2\/types\/page"}],"author":[{"embeddable":true,"href":"https:\/\/www.grupozaffari.com.br\/es\/wp-json\/wp\/v2\/users\/1"}],"replies":[{"embeddable":true,"href":"https:\/\/www.grupozaffari.com.br\/es\/wp-json\/wp\/v2\/comments?post=162"}],"version-history":[{"count":9,"href":"https:\/\/www.grupozaffari.com.br\/es\/wp-json\/wp\/v2\/pages\/162\/revisions"}],"predecessor-version":[{"id":7427,"href":"https:\/\/www.grupozaffari.com.br\/es\/wp-json\/wp\/v2\/pages\/162\/revisions\/7427"}],"wp:attachment":[{"href":"https:\/\/www.grupozaffari.com.br\/es\/wp-json\/wp\/v2\/media?parent=162"}],"curies":[{"name":"wp","href":"https:\/\/api.w.org\/{rel}","templated":true}]}}