{"id":5543,"date":"2024-05-02T18:19:53","date_gmt":"2024-05-02T18:19:53","guid":{"rendered":"https:\/\/www.grupozaffari.com.br\/?page_id=5543"},"modified":"2026-03-24T19:45:03","modified_gmt":"2026-03-24T19:45:03","slug":"relatorio-de-igualdade-salarial","status":"publish","type":"page","link":"https:\/\/www.grupozaffari.com.br\/es\/portugues-do-brasil-relatorios-de-igualdade-salarial\/","title":{"rendered":"(Portugu\u00eas do Brasil) Relat\u00f3rios de Igualdade Salarial"},"content":{"rendered":"<p class=\"qtranxs-available-languages-message qtranxs-available-languages-message-es\">Disculpa, pero esta entrada est\u00e1 disponible s\u00f3lo en <a href=\"https:\/\/www.grupozaffari.com.br\/pb\/wp-json\/wp\/v2\/pages\/5543\" class=\"qtranxs-available-language-link qtranxs-available-language-link-pb\" title=\"Portugu\u00eas do Brasil\">Portugu\u00e9s De Brasil<\/a>.<\/p>","protected":false},"excerpt":{"rendered":"<p>Disculpa, pero esta entrada est\u00e1 disponible s\u00f3lo en Portugu\u00e9s De Brasil.<\/p>\n","protected":false},"author":3,"featured_media":0,"parent":0,"menu_order":0,"comment_status":"closed","ping_status":"closed","template":"","meta":{"footnotes":""},"_links":{"self":[{"href":"https:\/\/www.grupozaffari.com.br\/es\/wp-json\/wp\/v2\/pages\/5543"}],"collection":[{"href":"https:\/\/www.grupozaffari.com.br\/es\/wp-json\/wp\/v2\/pages"}],"about":[{"href":"https:\/\/www.grupozaffari.com.br\/es\/wp-json\/wp\/v2\/types\/page"}],"author":[{"embeddable":true,"href":"https:\/\/www.grupozaffari.com.br\/es\/wp-json\/wp\/v2\/users\/3"}],"replies":[{"embeddable":true,"href":"https:\/\/www.grupozaffari.com.br\/es\/wp-json\/wp\/v2\/comments?post=5543"}],"version-history":[{"count":9,"href":"https:\/\/www.grupozaffari.com.br\/es\/wp-json\/wp\/v2\/pages\/5543\/revisions"}],"predecessor-version":[{"id":7571,"href":"https:\/\/www.grupozaffari.com.br\/es\/wp-json\/wp\/v2\/pages\/5543\/revisions\/7571"}],"wp:attachment":[{"href":"https:\/\/www.grupozaffari.com.br\/es\/wp-json\/wp\/v2\/media?parent=5543"}],"curies":[{"name":"wp","href":"https:\/\/api.w.org\/{rel}","templated":true}]}}