{"id":61,"date":"2016-02-16T20:37:25","date_gmt":"2016-02-16T20:37:25","guid":{"rendered":"http:\/\/grupozaffari.azurewebsites.net\/wordpress\/?page_id=61"},"modified":"2026-02-25T13:33:14","modified_gmt":"2026-02-25T13:33:14","slug":"qualidade-zaffari","status":"publish","type":"page","link":"https:\/\/www.grupozaffari.com.br\/es\/portugues-do-brasil-grupo-zaffari\/qualidade-zaffari\/","title":{"rendered":"Qualidade Zaffari"},"content":{"rendered":"<p><img loading=\"lazy\" decoding=\"async\" class=\"alignnone wp-image-3046 size-full\" src=\"https:\/\/www.grupozaffari.com.br\/wp-content\/uploads\/2016\/02\/image001.png\" alt=\"\" width=\"1140\" height=\"500\" srcset=\"https:\/\/www.grupozaffari.com.br\/wp-content\/uploads\/2016\/02\/image001.png 1140w, https:\/\/www.grupozaffari.com.br\/wp-content\/uploads\/2016\/02\/image001-300x132.png 300w, https:\/\/www.grupozaffari.com.br\/wp-content\/uploads\/2016\/02\/image001-768x337.png 768w, https:\/\/www.grupozaffari.com.br\/wp-content\/uploads\/2016\/02\/image001-1024x449.png 1024w\" sizes=\"(max-width: 1140px) 100vw, 1140px\" \/><\/p>\n<p>Refer\u00eancias no setor de autosservi\u00e7os, todas as lojas do Grupo Zaffari re\u00fanem variedade, qualidade controlada, ambientes acolhedores e altamente equipados com o melhor atendimento.<\/p>\n<p>Nossa grande fam\u00edlia conta hoje com mais de 13 mil colaboradores qualificados e motivados para receber com excel\u00eancia e oferecer sempre os melhores produtos verificados e com a qualidade garantida por um grupo selecionado de fornecedores.<\/p>\n<p><strong>Quer ser nosso fornecedor? <span style=\"text-decoration: underline;\"><span style=\"color: #c29031; text-decoration: underline;\"><a href=\"https:\/\/www.grupozaffari.com.br\/grupo-zaffari\/fornecedores\/\">Clique aqui.<\/a><\/span><\/span><br \/>\nQuer fazer parte da fam\u00edlia de colaboradores Zaffari? <span style=\"text-decoration: underline;\"><span style=\"color: #c29031; text-decoration: underline;\"><a href=\"http:\/\/rh.zaffari.com.br\/trabalheconosco\/home\/inicio.aspx\" target=\"_blank\" rel=\"noopener\">Clique aqui<\/a><\/span><\/span>.<\/strong><\/p>","protected":false},"excerpt":{"rendered":"<p>Refer\u00eancias no setor de autosservi\u00e7os, todas as lojas do Grupo Zaffari re\u00fanem variedade, qualidade controlada, ambientes acolhedores e altamente equipados com o melhor atendimento. Nossa grande fam\u00edlia conta hoje com mais de 13 mil colaboradores qualificados e motivados para receber com excel\u00eancia e oferecer sempre os melhores produtos verificados e com a qualidade garantida por [&hellip;]<\/p>\n","protected":false},"author":1,"featured_media":0,"parent":629,"menu_order":0,"comment_status":"closed","ping_status":"closed","template":"","meta":{"footnotes":""},"_links":{"self":[{"href":"https:\/\/www.grupozaffari.com.br\/es\/wp-json\/wp\/v2\/pages\/61"}],"collection":[{"href":"https:\/\/www.grupozaffari.com.br\/es\/wp-json\/wp\/v2\/pages"}],"about":[{"href":"https:\/\/www.grupozaffari.com.br\/es\/wp-json\/wp\/v2\/types\/page"}],"author":[{"embeddable":true,"href":"https:\/\/www.grupozaffari.com.br\/es\/wp-json\/wp\/v2\/users\/1"}],"replies":[{"embeddable":true,"href":"https:\/\/www.grupozaffari.com.br\/es\/wp-json\/wp\/v2\/comments?post=61"}],"version-history":[{"count":17,"href":"https:\/\/www.grupozaffari.com.br\/es\/wp-json\/wp\/v2\/pages\/61\/revisions"}],"predecessor-version":[{"id":7468,"href":"https:\/\/www.grupozaffari.com.br\/es\/wp-json\/wp\/v2\/pages\/61\/revisions\/7468"}],"up":[{"embeddable":true,"href":"https:\/\/www.grupozaffari.com.br\/es\/wp-json\/wp\/v2\/pages\/629"}],"wp:attachment":[{"href":"https:\/\/www.grupozaffari.com.br\/es\/wp-json\/wp\/v2\/media?parent=61"}],"curies":[{"name":"wp","href":"https:\/\/api.w.org\/{rel}","templated":true}]}}