{"id":874,"date":"2017-06-13T21:40:41","date_gmt":"2017-06-13T21:40:41","guid":{"rendered":"http:\/\/grupozaffari.azurewebsites.net\/?page_id=874"},"modified":"2022-01-21T19:36:38","modified_gmt":"2022-01-21T19:36:38","slug":"lojas","status":"publish","type":"page","link":"https:\/\/www.grupozaffari.com.br\/es\/portugues-do-brasil-lojas\/","title":{"rendered":"Lojas"},"content":{"rendered":"<p class=\"qtranxs-available-languages-message qtranxs-available-languages-message-es\">Disculpa, pero esta entrada est\u00e1 disponible s\u00f3lo en <a href=\"https:\/\/www.grupozaffari.com.br\/pb\/wp-json\/wp\/v2\/pages\/874\" class=\"qtranxs-available-language-link qtranxs-available-language-link-pb\" title=\"Portugu\u00eas do Brasil\">Portugu\u00e9s De Brasil<\/a>.<\/p>","protected":false},"excerpt":{"rendered":"<p>Disculpa, pero esta entrada est\u00e1 disponible s\u00f3lo en Portugu\u00e9s De Brasil.<\/p>\n","protected":false},"author":3,"featured_media":0,"parent":0,"menu_order":0,"comment_status":"closed","ping_status":"closed","template":"","meta":{"footnotes":""},"_links":{"self":[{"href":"https:\/\/www.grupozaffari.com.br\/es\/wp-json\/wp\/v2\/pages\/874"}],"collection":[{"href":"https:\/\/www.grupozaffari.com.br\/es\/wp-json\/wp\/v2\/pages"}],"about":[{"href":"https:\/\/www.grupozaffari.com.br\/es\/wp-json\/wp\/v2\/types\/page"}],"author":[{"embeddable":true,"href":"https:\/\/www.grupozaffari.com.br\/es\/wp-json\/wp\/v2\/users\/3"}],"replies":[{"embeddable":true,"href":"https:\/\/www.grupozaffari.com.br\/es\/wp-json\/wp\/v2\/comments?post=874"}],"version-history":[{"count":2,"href":"https:\/\/www.grupozaffari.com.br\/es\/wp-json\/wp\/v2\/pages\/874\/revisions"}],"predecessor-version":[{"id":4225,"href":"https:\/\/www.grupozaffari.com.br\/es\/wp-json\/wp\/v2\/pages\/874\/revisions\/4225"}],"wp:attachment":[{"href":"https:\/\/www.grupozaffari.com.br\/es\/wp-json\/wp\/v2\/media?parent=874"}],"curies":[{"name":"wp","href":"https:\/\/api.w.org\/{rel}","templated":true}]}}